{"id":9897,"date":"2026-05-09T20:31:40","date_gmt":"2026-05-10T00:31:40","guid":{"rendered":"https:\/\/camisetardas.cl\/?post_type=product&#038;p=9897"},"modified":"2026-05-09T20:31:40","modified_gmt":"2026-05-10T00:31:40","slug":"camiseta-seleccion-brasil-retro-copa-america-2004-local","status":"publish","type":"product","link":"https:\/\/camisetardas.cl\/?product=camiseta-seleccion-brasil-retro-copa-america-2004-local","title":{"rendered":"Camiseta Selecci\u00f3n Brasil Retro Copa Am\u00e9rica 2004 Local"},"content":{"rendered":"","protected":false},"excerpt":{"rendered":"<p>VERSI\u00d3N DE ADULTOS INCLUYE S\u00d3LO LA CAMISETA<\/p>\n<p>TALLA DE NI\u00d1OS INCLUYE SHORT DE REGALO !!<\/p>\n","protected":false},"featured_media":9913,"template":"","meta":{"site-sidebar-layout":"default","site-content-layout":"","ast-site-content-layout":"default","site-content-style":"default","site-sidebar-style":"default","ast-global-header-display":"","ast-banner-title-visibility":"","ast-main-header-display":"","ast-hfb-above-header-display":"","ast-hfb-below-header-display":"","ast-hfb-mobile-header-display":"","site-post-title":"","ast-breadcrumbs-content":"","ast-featured-img":"","footer-sml-layout":"","theme-transparent-header-meta":"default","adv-header-id-meta":"","stick-header-meta":"","header-above-stick-meta":"","header-main-stick-meta":"","header-below-stick-meta":"","astra-migrate-meta-layouts":"set","ast-page-background-enabled":"default","ast-page-background-meta":{"desktop":{"background-color":"var(--ast-global-color-4)","background-image":"","background-repeat":"repeat","background-position":"center center","background-size":"auto","background-attachment":"scroll","background-type":"","background-media":"","overlay-type":"","overlay-color":"","overlay-gradient":""},"tablet":{"background-color":"","background-image":"","background-repeat":"repeat","background-position":"center center","background-size":"auto","background-attachment":"scroll","background-type":"","background-media":"","overlay-type":"","overlay-color":"","overlay-gradient":""},"mobile":{"background-color":"","background-image":"","background-repeat":"repeat","background-position":"center center","background-size":"auto","background-attachment":"scroll","background-type":"","background-media":"","overlay-type":"","overlay-color":"","overlay-gradient":""}},"ast-content-background-meta":{"desktop":{"background-color":"var(--ast-global-color-5)","background-image":"","background-repeat":"repeat","background-position":"center center","background-size":"auto","background-attachment":"scroll","background-type":"","background-media":"","overlay-type":"","overlay-color":"","overlay-gradient":""},"tablet":{"background-color":"var(--ast-global-color-5)","background-image":"","background-repeat":"repeat","background-position":"center center","background-size":"auto","background-attachment":"scroll","background-type":"","background-media":"","overlay-type":"","overlay-color":"","overlay-gradient":""},"mobile":{"background-color":"var(--ast-global-color-5)","background-image":"","background-repeat":"repeat","background-position":"center center","background-size":"auto","background-attachment":"scroll","background-type":"","background-media":"","overlay-type":"","overlay-color":"","overlay-gradient":""}}},"product_cat":[15,52,70,60,63,61,69,67],"product_tag":[809,806,210,269,212,804,805,803,213,106,115,272,207,288,191,665,152,810,666,316,135,114,532,802,600,317,807,107,128,249,315,801,602,808,138,376,577,287,568,598,599,156,811,271,464,411,270,137],"class_list":{"0":"post-9897","1":"product","2":"type-product","3":"status-publish","4":"has-post-thumbnail","6":"product_cat-jugadores","7":"product_cat-camiseta-retro","8":"product_cat-conjunto-ninos","9":"product_cat-kaka","10":"product_cat-ronaldinho","11":"product_cat-ronaldo-fenomeno","12":"product_cat-seleccion-brasil","13":"product_cat-selecciones-nacionales","14":"product_tag-adriano","15":"product_tag-amarela","16":"product_tag-amarilla","17":"product_tag-antigua","18":"product_tag-brasil","19":"product_tag-brasileira","20":"product_tag-brasileiro","21":"product_tag-brasilena","22":"product_tag-brazil","23":"product_tag-camiseta","24":"product_tag-camiseta-de-futbol","25":"product_tag-campana","26":"product_tag-campeon","27":"product_tag-carlos","28":"product_tag-chile","29":"product_tag-comprar","30":"product_tag-de-futbol","31":"product_tag-emperador","32":"product_tag-en","33":"product_tag-fenomeno","34":"product_tag-final","35":"product_tag-futbol","36":"product_tag-futbol-club","37":"product_tag-garrincha","38":"product_tag-gaucho","39":"product_tag-gordo","40":"product_tag-guaton","41":"product_tag-jersey","42":"product_tag-kaka","43":"product_tag-local","44":"product_tag-nazario","45":"product_tag-pele","46":"product_tag-r9","47":"product_tag-rcarlos","48":"product_tag-retro","49":"product_tag-ricardo","50":"product_tag-rivaldo","51":"product_tag-roberto","52":"product_tag-romario","53":"product_tag-ronaldinho","54":"product_tag-ronaldino","55":"product_tag-ronaldo","56":"product_tag-silva","57":"product_tag-temporada","58":"product_tag-titular","59":"product_tag-verde","60":"product_tag-vintage","61":"product_tag-visitante","62":"desktop-align-left","63":"tablet-align-left","64":"mobile-align-left","66":"first","67":"instock","68":"shipping-taxable","69":"purchasable","70":"product-type-variable"},"jetpack_sharing_enabled":true,"_links":{"self":[{"href":"https:\/\/camisetardas.cl\/index.php?rest_route=\/wp\/v2\/product\/9897","targetHints":{"allow":["GET"]}}],"collection":[{"href":"https:\/\/camisetardas.cl\/index.php?rest_route=\/wp\/v2\/product"}],"about":[{"href":"https:\/\/camisetardas.cl\/index.php?rest_route=\/wp\/v2\/types\/product"}],"version-history":[{"count":1,"href":"https:\/\/camisetardas.cl\/index.php?rest_route=\/wp\/v2\/product\/9897\/revisions"}],"predecessor-version":[{"id":9916,"href":"https:\/\/camisetardas.cl\/index.php?rest_route=\/wp\/v2\/product\/9897\/revisions\/9916"}],"wp:featuredmedia":[{"embeddable":true,"href":"https:\/\/camisetardas.cl\/index.php?rest_route=\/wp\/v2\/media\/9913"}],"wp:attachment":[{"href":"https:\/\/camisetardas.cl\/index.php?rest_route=%2Fwp%2Fv2%2Fmedia&parent=9897"}],"wp:term":[{"taxonomy":"product_cat","embeddable":true,"href":"https:\/\/camisetardas.cl\/index.php?rest_route=%2Fwp%2Fv2%2Fproduct_cat&post=9897"},{"taxonomy":"product_tag","embeddable":true,"href":"https:\/\/camisetardas.cl\/index.php?rest_route=%2Fwp%2Fv2%2Fproduct_tag&post=9897"}],"curies":[{"name":"wp","href":"https:\/\/api.w.org\/{rel}","templated":true}]}}