{"id":9469,"date":"2026-05-09T20:31:37","date_gmt":"2026-05-10T00:31:37","guid":{"rendered":"https:\/\/camisetardas.cl\/?post_type=product&#038;p=9469"},"modified":"2026-05-09T20:31:38","modified_gmt":"2026-05-10T00:31:38","slug":"camiseta-seleccion-espana-retro-fifa-world-cup-2010-local","status":"publish","type":"product","link":"https:\/\/camisetardas.cl\/?product=camiseta-seleccion-espana-retro-fifa-world-cup-2010-local","title":{"rendered":"Camiseta Selecci\u00f3n Espa\u00f1a Retro FIFA\u00ae World Cup 2010 Mundial Sud\u00e1frica Local"},"content":{"rendered":"","protected":false},"excerpt":{"rendered":"<p>VERSI\u00d3N DE ADULTOS INCLUYE S\u00d3LO LA CAMISETA<\/p>\n<p>TALLA DE NI\u00d1OS INCLUYE SHORT DE REGALO !!<\/p>\n","protected":false},"featured_media":9472,"template":"","meta":{"site-sidebar-layout":"default","site-content-layout":"","ast-site-content-layout":"default","site-content-style":"default","site-sidebar-style":"default","ast-global-header-display":"","ast-banner-title-visibility":"","ast-main-header-display":"","ast-hfb-above-header-display":"","ast-hfb-below-header-display":"","ast-hfb-mobile-header-display":"","site-post-title":"","ast-breadcrumbs-content":"","ast-featured-img":"","footer-sml-layout":"","theme-transparent-header-meta":"default","adv-header-id-meta":"","stick-header-meta":"","header-above-stick-meta":"","header-main-stick-meta":"","header-below-stick-meta":"","astra-migrate-meta-layouts":"set","ast-page-background-enabled":"default","ast-page-background-meta":{"desktop":{"background-color":"var(--ast-global-color-4)","background-image":"","background-repeat":"repeat","background-position":"center center","background-size":"auto","background-attachment":"scroll","background-type":"","background-media":"","overlay-type":"","overlay-color":"","overlay-gradient":""},"tablet":{"background-color":"","background-image":"","background-repeat":"repeat","background-position":"center center","background-size":"auto","background-attachment":"scroll","background-type":"","background-media":"","overlay-type":"","overlay-color":"","overlay-gradient":""},"mobile":{"background-color":"","background-image":"","background-repeat":"repeat","background-position":"center center","background-size":"auto","background-attachment":"scroll","background-type":"","background-media":"","overlay-type":"","overlay-color":"","overlay-gradient":""}},"ast-content-background-meta":{"desktop":{"background-color":"var(--ast-global-color-5)","background-image":"","background-repeat":"repeat","background-position":"center center","background-size":"auto","background-attachment":"scroll","background-type":"","background-media":"","overlay-type":"","overlay-color":"","overlay-gradient":""},"tablet":{"background-color":"var(--ast-global-color-5)","background-image":"","background-repeat":"repeat","background-position":"center center","background-size":"auto","background-attachment":"scroll","background-type":"","background-media":"","overlay-type":"","overlay-color":"","overlay-gradient":""},"mobile":{"background-color":"var(--ast-global-color-5)","background-image":"","background-repeat":"repeat","background-position":"center center","background-size":"auto","background-attachment":"scroll","background-type":"","background-media":"","overlay-type":"","overlay-color":"","overlay-gradient":""}}},"product_cat":[52,70,624,85,97,67,831],"product_tag":[794,164,406,269,181,106,115,272,207,191,665,676,795,152,666,161,789,135,114,798,796,107,797,249,132,790,143,171,353,138,271,464,270,791],"class_list":{"0":"post-9469","1":"product","2":"type-product","3":"status-publish","4":"has-post-thumbnail","6":"product_cat-camiseta-retro","7":"product_cat-conjunto-ninos","8":"product_cat-iniesta","9":"product_cat-mundiales","10":"product_cat-seleccion-espana","11":"product_cat-selecciones-nacionales","12":"product_cat-sudafrica-2010","13":"product_tag-794","14":"product_tag-adidas","15":"product_tag-alternativa","16":"product_tag-antigua","17":"product_tag-azul","18":"product_tag-camiseta","19":"product_tag-camiseta-de-futbol","20":"product_tag-campana","21":"product_tag-campeon","22":"product_tag-chile","23":"product_tag-comprar","24":"product_tag-copa","25":"product_tag-corea","26":"product_tag-de-futbol","27":"product_tag-en","28":"product_tag-espana","29":"product_tag-espanola","30":"product_tag-final","31":"product_tag-futbol","32":"product_tag-japan","33":"product_tag-japon","34":"product_tag-jersey","35":"product_tag-korea","36":"product_tag-local","37":"product_tag-manga-larga","38":"product_tag-mundial","39":"product_tag-nike","40":"product_tag-nueva","41":"product_tag-recambio","42":"product_tag-retro","43":"product_tag-temporada","44":"product_tag-titular","45":"product_tag-vintage","46":"product_tag-world-cup","47":"desktop-align-left","48":"tablet-align-left","49":"mobile-align-left","51":"first","52":"instock","53":"shipping-taxable","54":"purchasable","55":"product-type-variable"},"jetpack_sharing_enabled":true,"_links":{"self":[{"href":"https:\/\/camisetardas.cl\/index.php?rest_route=\/wp\/v2\/product\/9469","targetHints":{"allow":["GET"]}}],"collection":[{"href":"https:\/\/camisetardas.cl\/index.php?rest_route=\/wp\/v2\/product"}],"about":[{"href":"https:\/\/camisetardas.cl\/index.php?rest_route=\/wp\/v2\/types\/product"}],"version-history":[{"count":3,"href":"https:\/\/camisetardas.cl\/index.php?rest_route=\/wp\/v2\/product\/9469\/revisions"}],"predecessor-version":[{"id":17290,"href":"https:\/\/camisetardas.cl\/index.php?rest_route=\/wp\/v2\/product\/9469\/revisions\/17290"}],"wp:featuredmedia":[{"embeddable":true,"href":"https:\/\/camisetardas.cl\/index.php?rest_route=\/wp\/v2\/media\/9472"}],"wp:attachment":[{"href":"https:\/\/camisetardas.cl\/index.php?rest_route=%2Fwp%2Fv2%2Fmedia&parent=9469"}],"wp:term":[{"taxonomy":"product_cat","embeddable":true,"href":"https:\/\/camisetardas.cl\/index.php?rest_route=%2Fwp%2Fv2%2Fproduct_cat&post=9469"},{"taxonomy":"product_tag","embeddable":true,"href":"https:\/\/camisetardas.cl\/index.php?rest_route=%2Fwp%2Fv2%2Fproduct_tag&post=9469"}],"curies":[{"name":"wp","href":"https:\/\/api.w.org\/{rel}","templated":true}]}}