{"id":8762,"date":"2025-11-08T15:29:16","date_gmt":"2025-11-08T18:29:16","guid":{"rendered":"https:\/\/camisetardas.cl\/?post_type=product&#038;p=8762"},"modified":"2026-01-09T00:45:48","modified_gmt":"2026-01-09T03:45:48","slug":"%e2%9a%a1%e2%9a%a1envio-rapido-camiseta-portero-argentina-2024-copa-america-dibu-martinez-arquero","status":"publish","type":"product","link":"https:\/\/camisetardas.cl\/?product=%e2%9a%a1%e2%9a%a1envio-rapido-camiseta-portero-argentina-2024-copa-america-dibu-martinez-arquero","title":{"rendered":"\u26a1\u26a1ENV\u00cdO R\u00c1PIDO &#8211; Camiseta Portero Argentina 2024 Copa Am\u00e9rica Dibu Martinez Arquero"},"content":{"rendered":"","protected":false},"excerpt":{"rendered":"<p>DESPACHO EN UN ( 1 ) D\u00cdA H\u00c1BIL,<\/p>\n<p>ENTREGA ( BLUE EXPRESS ) EN DOS ( 2 ) D\u00cdAS H\u00c1BILES<\/p>\n","protected":false},"featured_media":8771,"template":"","meta":{"site-sidebar-layout":"default","site-content-layout":"","ast-site-content-layout":"default","site-content-style":"default","site-sidebar-style":"default","ast-global-header-display":"","ast-banner-title-visibility":"","ast-main-header-display":"","ast-hfb-above-header-display":"","ast-hfb-below-header-display":"","ast-hfb-mobile-header-display":"","site-post-title":"","ast-breadcrumbs-content":"","ast-featured-img":"","footer-sml-layout":"","theme-transparent-header-meta":"default","adv-header-id-meta":"","stick-header-meta":"","header-above-stick-meta":"","header-main-stick-meta":"","header-below-stick-meta":"","astra-migrate-meta-layouts":"set","ast-page-background-enabled":"default","ast-page-background-meta":{"desktop":{"background-color":"var(--ast-global-color-4)","background-image":"","background-repeat":"repeat","background-position":"center center","background-size":"auto","background-attachment":"scroll","background-type":"","background-media":"","overlay-type":"","overlay-color":"","overlay-gradient":""},"tablet":{"background-color":"","background-image":"","background-repeat":"repeat","background-position":"center center","background-size":"auto","background-attachment":"scroll","background-type":"","background-media":"","overlay-type":"","overlay-color":"","overlay-gradient":""},"mobile":{"background-color":"","background-image":"","background-repeat":"repeat","background-position":"center center","background-size":"auto","background-attachment":"scroll","background-type":"","background-media":"","overlay-type":"","overlay-color":"","overlay-gradient":""}},"ast-content-background-meta":{"desktop":{"background-color":"var(--ast-global-color-5)","background-image":"","background-repeat":"repeat","background-position":"center center","background-size":"auto","background-attachment":"scroll","background-type":"","background-media":"","overlay-type":"","overlay-color":"","overlay-gradient":""},"tablet":{"background-color":"var(--ast-global-color-5)","background-image":"","background-repeat":"repeat","background-position":"center center","background-size":"auto","background-attachment":"scroll","background-type":"","background-media":"","overlay-type":"","overlay-color":"","overlay-gradient":""},"mobile":{"background-color":"var(--ast-global-color-5)","background-image":"","background-repeat":"repeat","background-position":"center center","background-size":"auto","background-attachment":"scroll","background-type":"","background-media":"","overlay-type":"","overlay-color":"","overlay-gradient":""}}},"product_cat":[660,102,93,74,742,103,68,67],"product_tag":[],"class_list":{"0":"post-8762","1":"product","2":"type-product","3":"status-publish","4":"has-post-thumbnail","6":"product_cat-24-25","7":"product_cat-camisetas-portero","8":"product_cat-copa-america-2024","9":"product_cat-envio-inmediato","10":"product_cat-envio-rapido-2024","11":"product_cat-gran-liquidacion","12":"product_cat-seleccion-argentina","13":"product_cat-selecciones-nacionales","14":"desktop-align-left","15":"tablet-align-left","16":"mobile-align-left","18":"first","19":"instock","20":"taxable","21":"shipping-taxable","22":"purchasable","23":"product-type-variable"},"jetpack_sharing_enabled":true,"_links":{"self":[{"href":"https:\/\/camisetardas.cl\/index.php?rest_route=\/wp\/v2\/product\/8762","targetHints":{"allow":["GET"]}}],"collection":[{"href":"https:\/\/camisetardas.cl\/index.php?rest_route=\/wp\/v2\/product"}],"about":[{"href":"https:\/\/camisetardas.cl\/index.php?rest_route=\/wp\/v2\/types\/product"}],"version-history":[{"count":1,"href":"https:\/\/camisetardas.cl\/index.php?rest_route=\/wp\/v2\/product\/8762\/revisions"}],"predecessor-version":[{"id":8773,"href":"https:\/\/camisetardas.cl\/index.php?rest_route=\/wp\/v2\/product\/8762\/revisions\/8773"}],"wp:featuredmedia":[{"embeddable":true,"href":"https:\/\/camisetardas.cl\/index.php?rest_route=\/wp\/v2\/media\/8771"}],"wp:attachment":[{"href":"https:\/\/camisetardas.cl\/index.php?rest_route=%2Fwp%2Fv2%2Fmedia&parent=8762"}],"wp:term":[{"taxonomy":"product_cat","embeddable":true,"href":"https:\/\/camisetardas.cl\/index.php?rest_route=%2Fwp%2Fv2%2Fproduct_cat&post=8762"},{"taxonomy":"product_tag","embeddable":true,"href":"https:\/\/camisetardas.cl\/index.php?rest_route=%2Fwp%2Fv2%2Fproduct_tag&post=8762"}],"curies":[{"name":"wp","href":"https:\/\/api.w.org\/{rel}","templated":true}]}}