{"id":5251,"date":"2026-05-09T20:30:00","date_gmt":"2026-05-10T00:30:00","guid":{"rendered":"https:\/\/camisetardas.cl\/?post_type=product&#038;p=5251"},"modified":"2026-05-09T20:30:00","modified_gmt":"2026-05-10T00:30:00","slug":"camiseta-seleccion-brasil-copa-america-2024-visitante","status":"publish","type":"product","link":"https:\/\/camisetardas.cl\/?product=camiseta-seleccion-brasil-copa-america-2024-visitante","title":{"rendered":"Camiseta Selecci\u00f3n Brasil Copa Am\u00e9rica 2024 Visitante"},"content":{"rendered":"","protected":false},"excerpt":{"rendered":"<p>VERSI\u00d3N DE ADULTOS INCLUYE S\u00d3LO LA CAMISETA<\/p>\n<p>TALLA DE NI\u00d1OS INCLUYE SHORT DE REGALO !!<\/p>\n","protected":false},"featured_media":5277,"template":"","meta":{"site-sidebar-layout":"default","site-content-layout":"","ast-site-content-layout":"default","site-content-style":"default","site-sidebar-style":"default","ast-global-header-display":"","ast-banner-title-visibility":"","ast-main-header-display":"","ast-hfb-above-header-display":"","ast-hfb-below-header-display":"","ast-hfb-mobile-header-display":"","site-post-title":"","ast-breadcrumbs-content":"","ast-featured-img":"","footer-sml-layout":"","theme-transparent-header-meta":"default","adv-header-id-meta":"","stick-header-meta":"","header-above-stick-meta":"","header-main-stick-meta":"","header-below-stick-meta":"","astra-migrate-meta-layouts":"set","ast-page-background-enabled":"default","ast-page-background-meta":{"desktop":{"background-color":"var(--ast-global-color-4)","background-image":"","background-repeat":"repeat","background-position":"center center","background-size":"auto","background-attachment":"scroll","background-type":"","background-media":"","overlay-type":"","overlay-color":"","overlay-gradient":""},"tablet":{"background-color":"","background-image":"","background-repeat":"repeat","background-position":"center center","background-size":"auto","background-attachment":"scroll","background-type":"","background-media":"","overlay-type":"","overlay-color":"","overlay-gradient":""},"mobile":{"background-color":"","background-image":"","background-repeat":"repeat","background-position":"center center","background-size":"auto","background-attachment":"scroll","background-type":"","background-media":"","overlay-type":"","overlay-color":"","overlay-gradient":""}},"ast-content-background-meta":{"desktop":{"background-color":"var(--ast-global-color-5)","background-image":"","background-repeat":"repeat","background-position":"center center","background-size":"auto","background-attachment":"scroll","background-type":"","background-media":"","overlay-type":"","overlay-color":"","overlay-gradient":""},"tablet":{"background-color":"var(--ast-global-color-5)","background-image":"","background-repeat":"repeat","background-position":"center center","background-size":"auto","background-attachment":"scroll","background-type":"","background-media":"","overlay-type":"","overlay-color":"","overlay-gradient":""},"mobile":{"background-color":"var(--ast-global-color-5)","background-image":"","background-repeat":"repeat","background-position":"center center","background-size":"auto","background-attachment":"scroll","background-type":"","background-media":"","overlay-type":"","overlay-color":"","overlay-gradient":""}}},"product_cat":[660,70,93,91,71,69,67],"product_tag":[167,688,687,166,164,691,692,168,406,681,222,221,181,709,707,708,212,213,106,115,680,191,694,665,120,676,194,664,152,679,666,162,165,683,682,135,114,690,686,107,216,582,702,217,693,663,249,662,220,706,218,143,407,171,700,703,701,684,685,219,696,704,698,699,705,251,353,193,689,695,464,211,697,214,215,137],"class_list":{"0":"post-5251","1":"product","2":"type-product","3":"status-publish","4":"has-post-thumbnail","6":"product_cat-24-25","7":"product_cat-conjunto-ninos","8":"product_cat-copa-america-2024","9":"product_cat-neymar-jr","10":"product_cat-player-version","11":"product_cat-seleccion-brasil","12":"product_cat-selecciones-nacionales","13":"product_tag-167","14":"product_tag-688","15":"product_tag-23-24","16":"product_tag-166","17":"product_tag-adidas","18":"product_tag-adulto","19":"product_tag-adultos","20":"product_tag-alemania","21":"product_tag-alternativa","22":"product_tag-america","23":"product_tag-anthony","24":"product_tag-antony","25":"product_tag-azul","26":"product_tag-barata","27":"product_tag-baratas","28":"product_tag-barato","29":"product_tag-brasil","30":"product_tag-brazil","31":"product_tag-camiseta","32":"product_tag-camiseta-de-futbol","33":"product_tag-camisetas","34":"product_tag-chile","35":"product_tag-completo","36":"product_tag-comprar","37":"product_tag-conjunto","38":"product_tag-copa","39":"product_tag-copa-america","40":"product_tag-corta","41":"product_tag-de-futbol","42":"product_tag-donde","43":"product_tag-en","44":"product_tag-euro","45":"product_tag-eurocopa","46":"product_tag-europa","47":"product_tag-euros","48":"product_tag-final","49":"product_tag-futbol","50":"product_tag-germany","51":"product_tag-home","52":"product_tag-jersey","53":"product_tag-jr","54":"product_tag-jugador","55":"product_tag-jugadores","56":"product_tag-junior","57":"product_tag-kit","58":"product_tag-larga","59":"product_tag-local","60":"product_tag-manga","61":"product_tag-martinelli","62":"product_tag-match","63":"product_tag-neymar","64":"product_tag-nike","65":"product_tag-ninos","66":"product_tag-nueva","67":"product_tag-oficial","68":"product_tag-oficiales","69":"product_tag-original","70":"product_tag-pais","71":"product_tag-paises","72":"product_tag-paqueta","73":"product_tag-para","74":"product_tag-partido","75":"product_tag-player","76":"product_tag-profesional","77":"product_tag-profesionales","78":"product_tag-puma","79":"product_tag-recambio","80":"product_tag-seleccion","81":"product_tag-selecciones","82":"product_tag-short","83":"product_tag-titular","84":"product_tag-verde-amarela","85":"product_tag-version","86":"product_tag-vini","87":"product_tag-vinicius","88":"product_tag-visitante","89":"desktop-align-left","90":"tablet-align-left","91":"mobile-align-left","93":"first","94":"instock","95":"shipping-taxable","96":"purchasable","97":"product-type-variable"},"jetpack_sharing_enabled":true,"_links":{"self":[{"href":"https:\/\/camisetardas.cl\/index.php?rest_route=\/wp\/v2\/product\/5251","targetHints":{"allow":["GET"]}}],"collection":[{"href":"https:\/\/camisetardas.cl\/index.php?rest_route=\/wp\/v2\/product"}],"about":[{"href":"https:\/\/camisetardas.cl\/index.php?rest_route=\/wp\/v2\/types\/product"}],"version-history":[{"count":1,"href":"https:\/\/camisetardas.cl\/index.php?rest_route=\/wp\/v2\/product\/5251\/revisions"}],"predecessor-version":[{"id":5288,"href":"https:\/\/camisetardas.cl\/index.php?rest_route=\/wp\/v2\/product\/5251\/revisions\/5288"}],"wp:featuredmedia":[{"embeddable":true,"href":"https:\/\/camisetardas.cl\/index.php?rest_route=\/wp\/v2\/media\/5277"}],"wp:attachment":[{"href":"https:\/\/camisetardas.cl\/index.php?rest_route=%2Fwp%2Fv2%2Fmedia&parent=5251"}],"wp:term":[{"taxonomy":"product_cat","embeddable":true,"href":"https:\/\/camisetardas.cl\/index.php?rest_route=%2Fwp%2Fv2%2Fproduct_cat&post=5251"},{"taxonomy":"product_tag","embeddable":true,"href":"https:\/\/camisetardas.cl\/index.php?rest_route=%2Fwp%2Fv2%2Fproduct_tag&post=5251"}],"curies":[{"name":"wp","href":"https:\/\/api.w.org\/{rel}","templated":true}]}}