{"id":3109,"date":"2026-05-09T20:15:33","date_gmt":"2026-05-10T00:15:33","guid":{"rendered":"https:\/\/camisetardas.cl\/?post_type=product&#038;p=3109"},"modified":"2026-05-09T20:28:36","modified_gmt":"2026-05-10T00:28:36","slug":"camiseta-seleccion-espana-eurocopa-2024-visitante","status":"publish","type":"product","link":"https:\/\/camisetardas.cl\/?product=camiseta-seleccion-espana-eurocopa-2024-visitante","title":{"rendered":"Camiseta Selecci\u00f3n Espa\u00f1a Eurocopa 2024 Visitante"},"content":{"rendered":"","protected":false},"excerpt":{"rendered":"<p>VERSI\u00d3N DE ADULTOS INCLUYE S\u00d3LO LA CAMISETA<\/p>\n<p>TALLA DE NI\u00d1OS INCLUYE SHORT DE REGALO !!<\/p>\n","protected":false},"featured_media":5238,"template":"","meta":{"site-sidebar-layout":"default","site-content-layout":"","ast-site-content-layout":"default","site-content-style":"default","site-sidebar-style":"default","ast-global-header-display":"","ast-banner-title-visibility":"","ast-main-header-display":"","ast-hfb-above-header-display":"","ast-hfb-below-header-display":"","ast-hfb-mobile-header-display":"","site-post-title":"","ast-breadcrumbs-content":"","ast-featured-img":"","footer-sml-layout":"","theme-transparent-header-meta":"default","adv-header-id-meta":"","stick-header-meta":"","header-above-stick-meta":"","header-main-stick-meta":"","header-below-stick-meta":"","astra-migrate-meta-layouts":"set","ast-page-background-enabled":"default","ast-page-background-meta":{"desktop":{"background-color":"var(--ast-global-color-4)","background-image":"","background-repeat":"repeat","background-position":"center center","background-size":"auto","background-attachment":"scroll","background-type":"","background-media":"","overlay-type":"","overlay-color":"","overlay-gradient":""},"tablet":{"background-color":"","background-image":"","background-repeat":"repeat","background-position":"center center","background-size":"auto","background-attachment":"scroll","background-type":"","background-media":"","overlay-type":"","overlay-color":"","overlay-gradient":""},"mobile":{"background-color":"","background-image":"","background-repeat":"repeat","background-position":"center center","background-size":"auto","background-attachment":"scroll","background-type":"","background-media":"","overlay-type":"","overlay-color":"","overlay-gradient":""}},"ast-content-background-meta":{"desktop":{"background-color":"var(--ast-global-color-5)","background-image":"","background-repeat":"repeat","background-position":"center center","background-size":"auto","background-attachment":"scroll","background-type":"","background-media":"","overlay-type":"","overlay-color":"","overlay-gradient":""},"tablet":{"background-color":"var(--ast-global-color-5)","background-image":"","background-repeat":"repeat","background-position":"center center","background-size":"auto","background-attachment":"scroll","background-type":"","background-media":"","overlay-type":"","overlay-color":"","overlay-gradient":""},"mobile":{"background-color":"var(--ast-global-color-5)","background-image":"","background-repeat":"repeat","background-position":"center center","background-size":"auto","background-attachment":"scroll","background-type":"","background-media":"","overlay-type":"","overlay-color":"","overlay-gradient":""}}},"product_cat":[660,70,94,71,97,67],"product_tag":[167,688,687,166,164,691,692,168,406,681,709,707,708,106,115,680,191,694,665,120,676,664,152,679,666,161,162,165,683,682,135,114,690,686,107,582,702,693,663,249,662,706,143,407,171,700,703,701,684,685,696,704,163,698,699,705,251,353,193,689,695,464,697,137],"class_list":{"0":"post-3109","1":"product","2":"type-product","3":"status-publish","4":"has-post-thumbnail","6":"product_cat-24-25","7":"product_cat-conjunto-ninos","8":"product_cat-euro-2024","9":"product_cat-player-version","10":"product_cat-seleccion-espana","11":"product_cat-selecciones-nacionales","12":"product_tag-167","13":"product_tag-688","14":"product_tag-23-24","15":"product_tag-166","16":"product_tag-adidas","17":"product_tag-adulto","18":"product_tag-adultos","19":"product_tag-alemania","20":"product_tag-alternativa","21":"product_tag-america","22":"product_tag-barata","23":"product_tag-baratas","24":"product_tag-barato","25":"product_tag-camiseta","26":"product_tag-camiseta-de-futbol","27":"product_tag-camisetas","28":"product_tag-chile","29":"product_tag-completo","30":"product_tag-comprar","31":"product_tag-conjunto","32":"product_tag-copa","33":"product_tag-corta","34":"product_tag-de-futbol","35":"product_tag-donde","36":"product_tag-en","37":"product_tag-espana","38":"product_tag-euro","39":"product_tag-eurocopa","40":"product_tag-europa","41":"product_tag-euros","42":"product_tag-final","43":"product_tag-futbol","44":"product_tag-germany","45":"product_tag-home","46":"product_tag-jersey","47":"product_tag-jugador","48":"product_tag-jugadores","49":"product_tag-kit","50":"product_tag-larga","51":"product_tag-local","52":"product_tag-manga","53":"product_tag-match","54":"product_tag-nike","55":"product_tag-ninos","56":"product_tag-nueva","57":"product_tag-oficial","58":"product_tag-oficiales","59":"product_tag-original","60":"product_tag-pais","61":"product_tag-paises","62":"product_tag-para","63":"product_tag-partido","64":"product_tag-pedri","65":"product_tag-player","66":"product_tag-profesional","67":"product_tag-profesionales","68":"product_tag-puma","69":"product_tag-recambio","70":"product_tag-seleccion","71":"product_tag-selecciones","72":"product_tag-short","73":"product_tag-titular","74":"product_tag-version","75":"product_tag-visitante","76":"desktop-align-left","77":"tablet-align-left","78":"mobile-align-left","80":"first","81":"instock","82":"shipping-taxable","83":"purchasable","84":"product-type-variable"},"jetpack_sharing_enabled":true,"_links":{"self":[{"href":"https:\/\/camisetardas.cl\/index.php?rest_route=\/wp\/v2\/product\/3109","targetHints":{"allow":["GET"]}}],"collection":[{"href":"https:\/\/camisetardas.cl\/index.php?rest_route=\/wp\/v2\/product"}],"about":[{"href":"https:\/\/camisetardas.cl\/index.php?rest_route=\/wp\/v2\/types\/product"}],"version-history":[{"count":1,"href":"https:\/\/camisetardas.cl\/index.php?rest_route=\/wp\/v2\/product\/3109\/revisions"}],"predecessor-version":[{"id":3157,"href":"https:\/\/camisetardas.cl\/index.php?rest_route=\/wp\/v2\/product\/3109\/revisions\/3157"}],"wp:featuredmedia":[{"embeddable":true,"href":"https:\/\/camisetardas.cl\/index.php?rest_route=\/wp\/v2\/media\/5238"}],"wp:attachment":[{"href":"https:\/\/camisetardas.cl\/index.php?rest_route=%2Fwp%2Fv2%2Fmedia&parent=3109"}],"wp:term":[{"taxonomy":"product_cat","embeddable":true,"href":"https:\/\/camisetardas.cl\/index.php?rest_route=%2Fwp%2Fv2%2Fproduct_cat&post=3109"},{"taxonomy":"product_tag","embeddable":true,"href":"https:\/\/camisetardas.cl\/index.php?rest_route=%2Fwp%2Fv2%2Fproduct_tag&post=3109"}],"curies":[{"name":"wp","href":"https:\/\/api.w.org\/{rel}","templated":true}]}}