{"id":13696,"date":"2026-05-09T20:32:26","date_gmt":"2026-05-10T00:32:26","guid":{"rendered":"https:\/\/camisetardas.cl\/?post_type=product&#038;p=13696"},"modified":"2026-05-09T20:32:27","modified_gmt":"2026-05-10T00:32:27","slug":"nueva-camiseta-inter-de-miami-2025-visitante-lionel-messi-suarez","status":"publish","type":"product","link":"https:\/\/camisetardas.cl\/?product=nueva-camiseta-inter-de-miami-2025-visitante-lionel-messi-suarez","title":{"rendered":"Nueva Camiseta Inter de Miami 2025 Visitante Lionel Messi Su\u00e1rez"},"content":{"rendered":"","protected":false},"excerpt":{"rendered":"<p>VERSI\u00d3N DE ADULTOS INCLUYE S\u00d3LO LA CAMISETA<\/p>\n<p>TALLA DE NI\u00d1OS INCLUYE SHORT DE REGALO !!<\/p>\n","protected":false},"featured_media":13724,"template":"","meta":{"site-sidebar-layout":"default","site-content-layout":"","ast-site-content-layout":"default","site-content-style":"default","site-sidebar-style":"default","ast-global-header-display":"","ast-banner-title-visibility":"","ast-main-header-display":"","ast-hfb-above-header-display":"","ast-hfb-below-header-display":"","ast-hfb-mobile-header-display":"","site-post-title":"","ast-breadcrumbs-content":"","ast-featured-img":"","footer-sml-layout":"","theme-transparent-header-meta":"default","adv-header-id-meta":"","stick-header-meta":"","header-above-stick-meta":"","header-main-stick-meta":"","header-below-stick-meta":"","astra-migrate-meta-layouts":"set","ast-page-background-enabled":"default","ast-page-background-meta":{"desktop":{"background-color":"var(--ast-global-color-4)","background-image":"","background-repeat":"repeat","background-position":"center center","background-size":"auto","background-attachment":"scroll","background-type":"","background-media":"","overlay-type":"","overlay-color":"","overlay-gradient":""},"tablet":{"background-color":"","background-image":"","background-repeat":"repeat","background-position":"center center","background-size":"auto","background-attachment":"scroll","background-type":"","background-media":"","overlay-type":"","overlay-color":"","overlay-gradient":""},"mobile":{"background-color":"","background-image":"","background-repeat":"repeat","background-position":"center center","background-size":"auto","background-attachment":"scroll","background-type":"","background-media":"","overlay-type":"","overlay-color":"","overlay-gradient":""}},"ast-content-background-meta":{"desktop":{"background-color":"var(--ast-global-color-5)","background-image":"","background-repeat":"repeat","background-position":"center center","background-size":"auto","background-attachment":"scroll","background-type":"","background-media":"","overlay-type":"","overlay-color":"","overlay-gradient":""},"tablet":{"background-color":"var(--ast-global-color-5)","background-image":"","background-repeat":"repeat","background-position":"center center","background-size":"auto","background-attachment":"scroll","background-type":"","background-media":"","overlay-type":"","overlay-color":"","overlay-gradient":""},"mobile":{"background-color":"var(--ast-global-color-5)","background-image":"","background-repeat":"repeat","background-position":"center center","background-size":"auto","background-attachment":"scroll","background-type":"","background-media":"","overlay-type":"","overlay-color":"","overlay-gradient":""}}},"product_cat":[660,70,45,58,71,26],"product_tag":[167,688,687,166,164,691,692,406,681,709,707,708,106,115,680,191,694,665,120,676,664,152,679,666,135,114,686,107,582,702,693,663,249,662,706,407,171,700,703,701,684,685,696,704,698,699,353,156,695,464,697,137],"class_list":{"0":"post-13696","1":"product","2":"type-product","3":"status-publish","4":"has-post-thumbnail","6":"product_cat-24-25","7":"product_cat-conjunto-ninos","8":"product_cat-internacional-miami","9":"product_cat-messi","10":"product_cat-player-version","11":"product_cat-resto-del-mundo","12":"product_tag-167","13":"product_tag-688","14":"product_tag-23-24","15":"product_tag-166","16":"product_tag-adidas","17":"product_tag-adulto","18":"product_tag-adultos","19":"product_tag-alternativa","20":"product_tag-america","21":"product_tag-barata","22":"product_tag-baratas","23":"product_tag-barato","24":"product_tag-camiseta","25":"product_tag-camiseta-de-futbol","26":"product_tag-camisetas","27":"product_tag-chile","28":"product_tag-completo","29":"product_tag-comprar","30":"product_tag-conjunto","31":"product_tag-copa","32":"product_tag-corta","33":"product_tag-de-futbol","34":"product_tag-donde","35":"product_tag-en","36":"product_tag-final","37":"product_tag-futbol","38":"product_tag-home","39":"product_tag-jersey","40":"product_tag-jugador","41":"product_tag-jugadores","42":"product_tag-kit","43":"product_tag-larga","44":"product_tag-local","45":"product_tag-manga","46":"product_tag-match","47":"product_tag-ninos","48":"product_tag-nueva","49":"product_tag-oficial","50":"product_tag-oficiales","51":"product_tag-original","52":"product_tag-pais","53":"product_tag-paises","54":"product_tag-para","55":"product_tag-partido","56":"product_tag-player","57":"product_tag-profesional","58":"product_tag-recambio","59":"product_tag-ronaldo","60":"product_tag-short","61":"product_tag-titular","62":"product_tag-version","63":"product_tag-visitante","64":"desktop-align-left","65":"tablet-align-left","66":"mobile-align-left","68":"first","69":"instock","70":"shipping-taxable","71":"purchasable","72":"product-type-variable"},"jetpack_sharing_enabled":true,"_links":{"self":[{"href":"https:\/\/camisetardas.cl\/index.php?rest_route=\/wp\/v2\/product\/13696","targetHints":{"allow":["GET"]}}],"collection":[{"href":"https:\/\/camisetardas.cl\/index.php?rest_route=\/wp\/v2\/product"}],"about":[{"href":"https:\/\/camisetardas.cl\/index.php?rest_route=\/wp\/v2\/types\/product"}],"version-history":[{"count":1,"href":"https:\/\/camisetardas.cl\/index.php?rest_route=\/wp\/v2\/product\/13696\/revisions"}],"predecessor-version":[{"id":13729,"href":"https:\/\/camisetardas.cl\/index.php?rest_route=\/wp\/v2\/product\/13696\/revisions\/13729"}],"wp:featuredmedia":[{"embeddable":true,"href":"https:\/\/camisetardas.cl\/index.php?rest_route=\/wp\/v2\/media\/13724"}],"wp:attachment":[{"href":"https:\/\/camisetardas.cl\/index.php?rest_route=%2Fwp%2Fv2%2Fmedia&parent=13696"}],"wp:term":[{"taxonomy":"product_cat","embeddable":true,"href":"https:\/\/camisetardas.cl\/index.php?rest_route=%2Fwp%2Fv2%2Fproduct_cat&post=13696"},{"taxonomy":"product_tag","embeddable":true,"href":"https:\/\/camisetardas.cl\/index.php?rest_route=%2Fwp%2Fv2%2Fproduct_tag&post=13696"}],"curies":[{"name":"wp","href":"https:\/\/api.w.org\/{rel}","templated":true}]}}