{"id":2,"date":"2023-10-16T14:10:05","date_gmt":"2023-10-16T17:10:05","guid":{"rendered":"http:\/\/camisetardas.cl\/?page_id=2"},"modified":"2025-06-08T20:02:13","modified_gmt":"2025-06-09T00:02:13","slug":"terminos-y-condiciones","status":"publish","type":"page","link":"https:\/\/camisetardas.cl\/?page_id=2","title":{"rendered":"T\u00e9rminos y condiciones"},"content":{"rendered":"\t\t<div data-elementor-type=\"wp-page\" data-elementor-id=\"2\" class=\"elementor elementor-2\">\n\t\t\t\t<div class=\"elementor-element elementor-element-59b7e869 e-con-full e-flex e-con e-parent\" data-id=\"59b7e869\" data-element_type=\"container\" data-settings=\"{&quot;content_width&quot;:&quot;full&quot;}\" data-core-v316-plus=\"true\">\n\t\t\t\t<div class=\"elementor-element elementor-element-4aa17de1 elementor-widget__width-initial elementor-widget elementor-widget-text-editor\" data-id=\"4aa17de1\" data-element_type=\"widget\" data-widget_type=\"text-editor.default\">\n\t\t\t\t<div class=\"elementor-widget-container\">\n\t\t\t<style>\/*! elementor - v3.19.0 - 07-02-2024 *\/\n.elementor-widget-text-editor.elementor-drop-cap-view-stacked .elementor-drop-cap{background-color:#69727d;color:#fff}.elementor-widget-text-editor.elementor-drop-cap-view-framed .elementor-drop-cap{color:#69727d;border:3px solid;background-color:transparent}.elementor-widget-text-editor:not(.elementor-drop-cap-view-default) .elementor-drop-cap{margin-top:8px}.elementor-widget-text-editor:not(.elementor-drop-cap-view-default) .elementor-drop-cap-letter{width:1em;height:1em}.elementor-widget-text-editor .elementor-drop-cap{float:left;text-align:center;line-height:1;font-size:50px}.elementor-widget-text-editor .elementor-drop-cap-letter{display:inline-block}<\/style>\t\t\t\t<p><em>Se recomienda leer esta p\u00e1gina por completo antes de realizar cualquier compra:<\/em><\/p>\n<p>\u00a0 \u00a0CAMISETARDAS ES UNA <strong>TIENDA ONLINE<\/strong>, POR LO QUE:<\/p>\n<ul>\n<li>Todas las compras deben procesarse por el sistema en l\u00ednea, sea por esta p\u00e1gina web, o por nuestros canales de Instagram y WhatsApp;<\/li>\n<li>No contamos con tienda f\u00edsica establecida y, en tanto<\/li>\n<li>No tenemos opci\u00f3n de retiro o entrega presencial, sino\u00a0<strong>S\u00d3LO DESPACHO A DOMICILIO<\/strong>;<\/li>\n<li>No se puede comprar personalmente, en vivo, o &#8220;pasando y pasando&#8221;.<\/li>\n<\/ul>\n<p>\u00a0 \u00a0EL M\u00c9TODO DE COMPRA CON CAMISETARDAS CONSISTE EN EL <strong>ENCARGO<\/strong>, QUE IMPLICA:<\/p>\n<ul>\n<li>Que, al realizar su compra online, nosotros importamos su pedido desde el extranjero, y se env\u00eda a su domicilio \/ direcci\u00f3n que ingres\u00f3 al realizar la compra;<\/li>\n<li>Que, en cuanto se trata de la importaci\u00f3n de un producto desde fuera de Chile, el tiempo total de env\u00edo dif\u00edcilmente ser\u00e1 inferior a dos semanas (desde que realiza la compra, hasta que recibe el pedido en su direcci\u00f3n);<\/li>\n<li>Que debe dejar pagado su pedido de forma anticipada para realizarse el encargo, y sin verificarse pago por el total no se llevar\u00e1 a efecto:<\/li>\n<li>Que, para compensar el &#8220;prolongado&#8221; tiempo de espera (que, por cierto, es much\u00edsimo inferior al que ofrece la competencia), le entregamos <strong>ENV\u00cdO GRATIS A TODO CHILE<\/strong>, a cargo de Correos de Chile.<\/li>\n<li>Se se\u00f1ala m\u00e1s adelante la naturaleza jur\u00eddica de los servicios.<\/li>\n<\/ul>\n<p>\u00a0 \u00a0TIEMPO DE ENV\u00cdO <strong>INDETERMINADO<\/strong><\/p>\n<ul>\n<li>Le hacemos saber desde ya que el tiempo de encargo es de aproximadamente 15 d\u00edas h\u00e1biles (desde que realiza la compra, hasta que recibe el pedido en su direcci\u00f3n);<\/li>\n<li>Para estos efectos no se consideran h\u00e1biles los S\u00e1bados, pues en la mayor\u00eda de las comunas del pa\u00eds la compa\u00f1\u00eda de correos no reparte en el mencionado d\u00eda;<\/li>\n<li>Estos 15 d\u00edas son el tiempo en promedio que suelen demorar los pedidos, no siendo, por el contrario, un plazo taxativo de entrega;<\/li>\n<li>Sin embargo, esta estimaci\u00f3n puede verse afectada por diversos factores, pudiendo ser en definitiva mayor o menor que los 15 d\u00edas se\u00f1alados;<\/li>\n<li>Por tanto, <strong>camisetardas NO SE OBLIGA A UN PLAZO DE ENTREGA DETERMINADO o FIJO<\/strong>, sino que s\u00f3lo nos comprometemos a que recibir\u00e1 su pedido satisfactoriamente y de plena conformidad.\u00a0\u00a0<\/li>\n<\/ul>\n<p><strong>\u00a0 \u00a0 COMPRAS ANTICIPADAS Y PREVENTAS<\/strong><\/p>\n<ul>\n<li>Los productos que se venden en formato &#8220;venta anticipada&#8221; o &#8220;preventa&#8221; son aquellos que ponemos a disposici\u00f3n para que el cliente reserve, antes de la fecha de lanzamiento.<\/li>\n<li>Muchas veces la fecha de lanzamiento es incierta, de manera que la fecha de despacho es tambi\u00e9n <strong>indeterminada;<\/strong><\/li>\n<li>El pedido se despacha a penas est\u00e9 disponible.<\/li>\n<\/ul>\n<p>\u00a0 \u00a0<strong>DESPACHO GRATIS A TODO CHILE<\/strong>, A CARGO DE CORREOS DE CHILE<\/p>\n<ul>\n<li>El env\u00edo es 100% gratuito, por lo que no deber\u00e1 pagar ni un peso m\u00e1s por concepto de despacho a la hora de la entrega;<\/li>\n<li>El despacho se realiza con servicio pagado, pues los costos de \u00e9ste ya est\u00e1n contemplados en el monto final del producto que pag\u00f3;<\/li>\n<li>El despacho se llevar\u00e1 a efecto por Correos de Chile, courier que <strong>no<\/strong> se puede modificar;<\/li>\n<li>El env\u00edo lo puede recibir cualquier persona adulta que se encuentre en el domicilio consignado;<\/li>\n<li>Correos de Chile tiene cobertura a todo el territorio nacional, sin embargo<\/li>\n<li>Si usted vive, por ejemplo, en una zona lejana, rural o s\u00edmil, puede ser que no cuenten con despacho hasta su domicilio. En tal caso, el paquete ser\u00e1 derivado a la agencia de Correos de Chile de la comuna, o de la comuna m\u00e1s cercana, para el retiro en sucursal. Tal eventualidad le ser\u00e1 notificada oportunamente por la compa\u00f1\u00eda v\u00eda SMS, al n\u00famero que design\u00f3 en los datos de env\u00edo;<\/li>\n<li>Si le acomoda m\u00e1s, puede se\u00f1alar una sucursal de Correos de Chile para retirar su env\u00edo, s\u00f3lo debe apuntarlo en los datos de env\u00edo.<\/li>\n<\/ul>\n<div>\u00a0 \u00a0PRODUCTOS PARA <strong>ENV\u00cdO INMEDIATO<\/strong><\/div>\n<ul>\n<li>Los productos para env\u00edo inmediato son aquellos que tenemos en stock f\u00edsico en nuestras bodegas, listos para ser despachados seg\u00fan realice la compra.<\/li>\n<li>Aquellas mercader\u00edas disponibles para env\u00edo inmediato est\u00e1n rotuladas en su descripci\u00f3n, se\u00f1al\u00e1ndose tal circunstancia, y ser\u00e1n siempre <strong>pertenecientes a las categor\u00edas &#8220;ENV\u00cdO INMEDIATO&#8221; o &#8220;GRAN LIQUIDACI\u00d3N \/ REMATE DE STOCK F\u00cdSICO&#8221;<\/strong>.<\/li>\n<li><strong>Si el art\u00edculo que desea comprar no se encuentra en alguna de las mentadas categor\u00edas, significa que NO EST\u00c1N DISPONIBLES PARA ENV\u00cdO INMEDIATO<\/strong>, y ser\u00e1n procesadas conforme a lo se\u00f1alado anteriormente para el m\u00e9todo de env\u00edo y entrega por encargo.<\/li>\n<li>Los productos para env\u00edo inmediato, al tenor de lo que se consigna en la descripci\u00f3n de \u00e9stos, se despachar\u00e1n por el <em>courier <\/em>BlueExpress, al plazo estimado que all\u00ed se se\u00f1ala.<\/li>\n<li>No podr\u00e1 se\u00f1alar, en este caso, retirar el env\u00edo en una sucursal establecida de BlueExpress.<\/li>\n<li>La excepci\u00f3n a lo anterior, es para el caso en que el env\u00edo se encuentre pagado por el cliente (si realiza la compra y desea retirar en sucursal, nos podr\u00e1 contactar por nuestras redes y pagar el importe del despacho) o cuando obtenga el beneficio de env\u00edo gratis.<\/li>\n<\/ul>\n<div>\u00a0 \u00a0INCONVENIENTES CON EL DESPACHO<\/div>\n<ul>\n<li>Es carga del cliente proporcionar datos acertados para la entrega del paquete (si entrega datos err\u00f3neos, incompletos, insuficientes, o FALSOS, deber\u00e1 arregl\u00e1rselas usted con la compa\u00f1\u00eda de correos para recibir su env\u00edo); Es usual que, en los casos de proporcionar un nombre y RUT falsos, la entrega falle definitivamente y luego no pueda retirar su paquete. <strong>camisetardas no se hace responsable<\/strong> y cumple con avisarle de la existencia de estas situaciones.\u00a0<\/li>\n<li>Si por motivos no imputables al cliente la entrega es fallida, Correos intentar\u00e1 una nueva entrega al d\u00eda h\u00e1bil siguiente. De fracasar el segundo intento de entrega, el paquete ser\u00e1 derivado a la sucursal m\u00e1s cercana para su retiro (debe estar atento a las comunicaciones oficiales de esta entidad).<\/li>\n<li>CORREOS DE CHILE NO LE ENVIAR\u00c1 NUNCA UN MENSAJE DE TEXTO CON UN LINK -DUDOSO- PARA SOLVENTAR &#8220;PROBLEMAS CON LA ENTREGA&#8221; o cualquier s\u00edmil. Esto se trata de una estafa, y no debe pinchar el enlace ni rellenar dato alguno. <strong>camisetardas no se hace responsable<\/strong> y cumple con avisarle de la existencia de estas situaciones.\u00a0<\/li>\n<li>Todo lo anterior es aplicable de igual forma para los despachos hechos por BlueExpress, seg\u00fan se se\u00f1ala en el ep\u00edgrafe que a \u00e9ste precede.<\/li>\n<\/ul>\n<p>\u00a0 \u00a0PRODUCTOS EN <strong>LIQUIDACI\u00d3N &#8211; REMATE DE STOCK F\u00cdSICO<\/strong><\/p>\n<ul>\n<li>Los productos pertenecientes a esta categor\u00eda no presentan desperfecto alguno ni nada por el estilo. Simplemente se trata de art\u00edculos que queremos liquidar de nuestras bodegas, con el objeto de renovar el stock.<\/li>\n<li>El tiempo de despacho es el que se\u00f1ala en la descripci\u00f3n del producto, como ya se ha dicho.<\/li>\n<li>El env\u00edo es a cargo de BlueExpress, por pagar, a cobrarse en destino una cantidad que oscilar\u00e1 entre los $ 4.000 y $ 5.500 pesos.<\/li>\n<li>Tenemos disponible la oferta de que, si a\u00f1ade dos o m\u00e1s productos a su carrito de compra, tendr\u00e1 env\u00edo gratis. S\u00f3lo debe seleccionar esa opci\u00f3n.<\/li>\n<li>Los productos puede combinarlos como desee, mientras elija al menos dos.<\/li>\n<li>Si selecciona la opci\u00f3n de env\u00edo gratis, y no a\u00f1ade ning\u00fan otro producto a su compra, ser\u00e1 enviado igualmente por pagar.<\/li>\n<li>Aplicar\u00e1 todo lo dicho al t\u00edtulo &#8220;PRODUCTOS PARA ENV\u00cdO INMEDIATO&#8221; que al presente precede.<\/li>\n<\/ul>\n<p>\u00a0 \u00a0FORMAS DE PAGO<\/p>\n<ul>\n<li>En este sitio web <strong>s\u00f3lo contamos con pago a trav\u00e9s de<\/strong> <strong>MercadoPago<\/strong>, en que podr\u00e1 pagar con sus tarjetas de d\u00e9bito, cr\u00e9dito y prepago, con su saldo vigente, o deposit\u00e1ndose dinero en efectivo a su cuenta;<\/li>\n<li>Si desea comprar sea por nuestros canales de Instagram o WhatsApp, podr\u00e1 pagar con transferencia electr\u00f3nica, dep\u00f3sito en efectivo, o de igual manera con sus tarjetas de d\u00e9bito, cr\u00e9dito y prepago a trav\u00e9s de MercadoPago<strong>;<\/strong><\/li>\n<li>La plataforma MercadoPago se lleva una comisi\u00f3n del 4% del total de la transacci\u00f3n, por lo que los productos en este sitio web han sido encarecidos $1.000 pesos extra para cubrir dicho importe. Por tanto, comprando por nuestros canales de Instagram o WhatsApp podr\u00e1 ahorrarse los $1.000 pesos.<\/li>\n<\/ul>\n<p>\u00a0 \u00a0POL\u00cdTICA DE RECLAMOS Y DEVOLUCIONES<\/p>\n<ul>\n<li>Por regla general <strong>no aceptamos reclamos<\/strong> de ninguna \u00edndole;<\/li>\n<li><strong>No existe devoluci\u00f3n del dinero ni de los productos<\/strong> salvo casos calificados, de naturaleza grave (raro), que siempre podr\u00e1 manifestarnos para su ponderaci\u00f3n, pero en caso contrario,<\/li>\n<li><strong>No cabe reclamo alguno<\/strong>, por ejemplo, si se equivoc\u00f3 a la hora de elegir su talla, u otra circunstancia an\u00e1loga;<\/li>\n<li>Reclamos contra el servicio brindado por el <em>courier<\/em> Correos de Chile o BlueExpress, por favor, realizarlo personalmente en los canales establecidos por dicho servicio, y en definitiva <strong>abstenerse de hac\u00e9rnoslo a nosotros<\/strong>.<\/li>\n<li>Cualquier intento de cancelaci\u00f3n del cobro hecho por MercadoPago ser\u00e1 denunciado ante la autoridad competente por el delito de estafa.<\/li>\n<\/ul>\n<div>\u00a0 \u00a0DERECHO A RETRACTO<\/div>\n<ul>\n<li>Sin tener ning\u00fan deber, y <strong>s\u00f3lo por buena onda<\/strong>, se le ofrece al cliente la facultad de retractarse unilateralmente de las compras realizadas por la web, <span style=\"text-decoration: underline;\"><strong>hasta las 23:59 hrs. del d\u00eda en que haya en que haya realizado el pedido<\/strong><\/span>, sin expresi\u00f3n de causa.<\/li>\n<li>Para ello deber\u00e1 comunicarse con nosotros v\u00eda Instagram o WhatsApp, se\u00f1alando el n\u00famero de orden.<\/li>\n<li>Al efecto se le solicitar\u00e1n los datos de transferencia para realiz\u00e1rsele la devoluci\u00f3n del dinero a la brevedad. Del monto de su compra, se le devolver\u00e1 el 100% del total, con deducci\u00f3n de la comisi\u00f3n que cobra MercadoPago.\u00a0<\/li>\n<li>Caducado que sea el derecho por el solo cumplimiento del plazo, el pedido se entender\u00e1 como confirmado y se llevar\u00e1 a efecto el encargo en los t\u00e9rminos que se ha se\u00f1alado con anterioridad.<\/li>\n<li>No hay lugar a retracto luego de transcurrido el plazo, y las intempestivas solicitudes para ejercerlo no ser\u00e1n tenidas en cuenta.<\/li>\n<li>El env\u00edo no se puede ya echar atr\u00e1s de manera alguna luego de confirmado.<\/li>\n<\/ul>\n<div>\u00a0 \u00a0RESPECTO A LAS TALLAS<\/div>\n<ul>\n<li>Se ofrecen oportunamente indicaciones para que escoja la talla correcta de su camiseta, en la p\u00e1gina principal del sitio web.<\/li>\n<li>Se presume que el cliente que ha realizado cualquier compra ha le\u00eddo previamente la mencionada entrada, y que ha escogido la talla correcta.<\/li>\n<li>Como se ha dicho con anterioridad, no hay cambios de talla ni devoluciones.<\/li>\n<\/ul>\n<p>\u00a0 \u00a0PRESUNCIONES<\/p>\n<p>\u00a0 Al realizar cualquier pedido en camisetardas, se realizar\u00e1n las siguientes presunciones respecto a su compra:<\/p>\n<ol>\n<li>La plena y absoluta conformidad del cliente con los T\u00e9rminos y condiciones de venta, conforme se se\u00f1ala en el ac\u00e1pite que a \u00e9ste prosigue;<\/li>\n<li>Que, transcurrido el plazo consignado en el punto &#8220;DERECHO A RETRACTO&#8221; que al presente precede, el cliente ha ratificado su compra y ya no se puede echar a atr\u00e1s de forma ninguna, pues ha renunciado a la mentada leg\u00edtima que se le reconoce;<\/li>\n<li>Que, en caso de que se hayan entregado datos para la entrega de manera incompleta o err\u00f3nea, se autoriza a camisetardas para indagar acerca de \u00e9stos y complementarlos bajo nuestro propio criterio, bajo \u00fanica responsabilidad del cliente que ha sido negligente en soportar tal carga. Por ejemplo, si se consigna un n\u00famero de RUT falso o incompleto; o se se\u00f1ala el nombre del destinatario del env\u00edo sin el apellido, los buscaremos y los completaremos (porque son datos necesarios <em>sine qua non<\/em> para realizarse el env\u00edo) a trav\u00e9s de Rutificador o webs similares, y en caso de equivocaci\u00f3n el cliente acepta la responsabilidad.<\/li>\n<li>Que, si solicita una camiseta escogiendo el estampado de &#8220;Otro jugador&#8221; o &#8220;NOMBRE CUSTOMIZADO&#8221;, y el cliente no manifiesta en las notas del pedido cu\u00e1l quiere, presumiremos equivocaci\u00f3n de su parte y enviaremos el producto sin modificar;<\/li>\n<li>La seguridad total con respecto a la talla de la prenda que ha pedido, como se ha dicho en el ac\u00e1pite que \u00e9ste precede;<\/li>\n<li>\u00a0<\/li>\n<\/ol>\n<p>\u00a0<\/p>\n<p>\u00a0 CONFORMIDAD CON LOS T\u00c9RMINOS Y CONDICIONES DE ESTA P\u00c1GINA<\/p>\n<ul>\n<li>Si no est\u00e1 de acuerdo con los t\u00e9rminos y condiciones se\u00f1alados en esta p\u00e1gina, le solicitamos encarecidamente simplemente no realizar ning\u00fan pedido en <strong>camisetardas<\/strong>;<\/li>\n<li>Si el usuario realiza efectivamente cualquier compra en camisetardas, sea en esta p\u00e1gina web, o por nuestros canales de Instagram y WhatsApp,\u00a0<strong>manifiesta TOTAL CONFORMIDAD\u00a0<\/strong>con los t\u00e9rminos y condiciones se\u00f1alados en esta p\u00e1gina, los cuales no podr\u00e1 desconocer bajo pretexto ninguno;<\/li>\n<li>Estos t\u00e9rminos y condiciones son puestos a disposici\u00f3n del cliente antes de pagar, sea por nuestras redes sociales, Instagram y WhatsApp, tanto como por la p\u00e1gina web, y, es m\u00e1s,<\/li>\n<li>Antes de realizar cualquier pedido por la web, se le exige al cliente marcar la casilla de &#8220;HE LE\u00cdDO Y ACEPTO LOS T\u00c9RMINOS Y CONDICIONES&#8221;, y se lo redirige a la presente entrada. Marcar la casilla equivale a firmar.<\/li>\n<li>Si aun no estando de acuerdo con estos t\u00e9rminos y condiciones el cliente realiza compra alguna, a pretexto precisamente de desconocerlos o contrariarlos, presumiremos que ha obrado con malicia.<\/li>\n<\/ul>\n<div>\u00a0 NATURALEZA JUR\u00cdDICA DE LOS SERVICIOS<\/div>\n<ul>\n<li><strong>Camisetardas es\u00a0s\u00f3lo un nombre de fantas\u00eda<\/strong> con el que operan personas naturales ejecutando actos civiles.<\/li>\n<li>El m\u00e9todo de encargo de los productos consiste en el <em>dropshipping<\/em>, en que camisetardas <strong>no posee stock f\u00edsico de \u00e9stos, sino que \u00fanicamente recibe los pedidos<\/strong> de los clientes y los remite al proveedor en el extranjero, quien se encarga de envi\u00e1rselos directamente.<\/li>\n<li>Las operaciones que realiza camisetardas <strong>no resultan atingentes a la Ley N\u00b0 19.496 sobre protecci\u00f3n a los derechos de los consumidores<\/strong>, en cuanto son trabajos espor\u00e1dicos de <strong>prestaci\u00f3n de servicios personales de manera independiente<\/strong>, que para efectos de dicha norma se excluyen de su \u00e1mbito de aplicaci\u00f3n.<\/li>\n<li>En relaci\u00f3n con lo anterior, no tiene camisetardas el car\u00e1cter de proveedor; ni son los actos que ejecuta mercantiles y por consecuencia encuadrables en la l\u00f3gica del derecho comercial, en los t\u00e9rminos del Art. 3\u00b0 del C\u00f3digo de Comercio.<\/li>\n<\/ul>\n<div>\u00a0<\/div>\n<div>\u00a0 PARA EFECTOS TRIBUTARIOS<\/div>\n<ul>\n<li>Los comprobantes de pago de MercadoPago son validos como boleta (RESOLUCI\u00d3N EXENTA SII).<\/li>\n<li>No damos factura.<\/li>\n<\/ul>\n<p>\u00a0 \u00a0COMUNICACI\u00d3N CON CAMISETARDAS<\/p>\n<ul>\n<li>La forma de ponerse en contacto con camisetardas es a trav\u00e9s de nuestras redes sociales, Instagram y WhatsApp.<\/li>\n<li>No leemos lo que nos llega al mail. Se solicita no comunicarse por all\u00ed (el correo oficial es <span style=\"text-decoration: underline;\">camisetardas@gmail.com<\/span>\u00a0y\u00a0<span style=\"text-decoration: underline;\">no-reply@camisetardas.cl<\/span>)<\/li>\n<li>No se escuchan notas de voz.<\/li>\n<li>Quien llame al n\u00famero telef\u00f3nico, o haga llamadas o videollamadas por Instagram o WhatsApp es bloqueado autom\u00e1ticamente por el sistema.<\/li>\n<\/ul>\n<p><!-- \/wp:paragraph --><\/p>\t\t\t\t\t\t<\/div>\n\t\t\t\t<\/div>\n\t\t\t\t<\/div>\n\t\t\t\t<\/div>\n\t\t","protected":false},"excerpt":{"rendered":"<p>Se recomienda leer esta p\u00e1gina por completo antes de realizar cualquier compra: \u00a0 \u00a0CAMISETARDAS ES UNA TIENDA ONLINE, POR LO QUE: Todas las compras deben procesarse por el sistema en l\u00ednea, sea por esta p\u00e1gina web, o por nuestros canales de Instagram y WhatsApp; No contamos con tienda f\u00edsica establecida y, en tanto No tenemos [&hellip;]<\/p>\n","protected":false},"author":1,"featured_media":0,"parent":0,"menu_order":0,"comment_status":"closed","ping_status":"closed","template":"","meta":{"site-sidebar-layout":"default","site-content-layout":"","ast-site-content-layout":"","site-content-style":"default","site-sidebar-style":"default","ast-global-header-display":"","ast-banner-title-visibility":"","ast-main-header-display":"","ast-hfb-above-header-display":"","ast-hfb-below-header-display":"","ast-hfb-mobile-header-display":"","site-post-title":"","ast-breadcrumbs-content":"","ast-featured-img":"","footer-sml-layout":"","theme-transparent-header-meta":"","adv-header-id-meta":"","stick-header-meta":"","header-above-stick-meta":"","header-main-stick-meta":"","header-below-stick-meta":"","astra-migrate-meta-layouts":"default","ast-page-background-enabled":"default","ast-page-background-meta":{"desktop":{"background-color":"var(--ast-global-color-4)","background-image":"","background-repeat":"repeat","background-position":"center center","background-size":"auto","background-attachment":"scroll","background-type":"","background-media":"","overlay-type":"","overlay-color":"","overlay-gradient":""},"tablet":{"background-color":"","background-image":"","background-repeat":"repeat","background-position":"center center","background-size":"auto","background-attachment":"scroll","background-type":"","background-media":"","overlay-type":"","overlay-color":"","overlay-gradient":""},"mobile":{"background-color":"","background-image":"","background-repeat":"repeat","background-position":"center center","background-size":"auto","background-attachment":"scroll","background-type":"","background-media":"","overlay-type":"","overlay-color":"","overlay-gradient":""}},"ast-content-background-meta":{"desktop":{"background-color":"var(--ast-global-color-5)","background-image":"","background-repeat":"repeat","background-position":"center center","background-size":"auto","background-attachment":"scroll","background-type":"","background-media":"","overlay-type":"","overlay-color":"","overlay-gradient":""},"tablet":{"background-color":"var(--ast-global-color-5)","background-image":"","background-repeat":"repeat","background-position":"center center","background-size":"auto","background-attachment":"scroll","background-type":"","background-media":"","overlay-type":"","overlay-color":"","overlay-gradient":""},"mobile":{"background-color":"var(--ast-global-color-5)","background-image":"","background-repeat":"repeat","background-position":"center center","background-size":"auto","background-attachment":"scroll","background-type":"","background-media":"","overlay-type":"","overlay-color":"","overlay-gradient":""}},"footnotes":""},"class_list":["post-2","page","type-page","status-publish","hentry"],"jetpack_sharing_enabled":true,"_links":{"self":[{"href":"https:\/\/camisetardas.cl\/index.php?rest_route=\/wp\/v2\/pages\/2","targetHints":{"allow":["GET"]}}],"collection":[{"href":"https:\/\/camisetardas.cl\/index.php?rest_route=\/wp\/v2\/pages"}],"about":[{"href":"https:\/\/camisetardas.cl\/index.php?rest_route=\/wp\/v2\/types\/page"}],"author":[{"embeddable":true,"href":"https:\/\/camisetardas.cl\/index.php?rest_route=\/wp\/v2\/users\/1"}],"replies":[{"embeddable":true,"href":"https:\/\/camisetardas.cl\/index.php?rest_route=%2Fwp%2Fv2%2Fcomments&post=2"}],"version-history":[{"count":61,"href":"https:\/\/camisetardas.cl\/index.php?rest_route=\/wp\/v2\/pages\/2\/revisions"}],"predecessor-version":[{"id":14369,"href":"https:\/\/camisetardas.cl\/index.php?rest_route=\/wp\/v2\/pages\/2\/revisions\/14369"}],"wp:attachment":[{"href":"https:\/\/camisetardas.cl\/index.php?rest_route=%2Fwp%2Fv2%2Fmedia&parent=2"}],"curies":[{"name":"wp","href":"https:\/\/api.w.org\/{rel}","templated":true}]}}