{"id":1249,"date":"2024-02-10T10:08:01","date_gmt":"2024-02-10T13:08:01","guid":{"rendered":"https:\/\/camisetardas.cl\/?page_id=1249"},"modified":"2024-05-27T22:22:37","modified_gmt":"2024-05-28T02:22:37","slug":"guia-de-tallas","status":"publish","type":"page","link":"https:\/\/camisetardas.cl\/?page_id=1249","title":{"rendered":"Gu\u00eda de tallas"},"content":{"rendered":"\t\t<div data-elementor-type=\"wp-page\" data-elementor-id=\"1249\" class=\"elementor elementor-1249\">\n\t\t\t\t<div class=\"elementor-element elementor-element-7274260 e-flex e-con-boxed e-con e-parent\" data-id=\"7274260\" data-element_type=\"container\" data-settings=\"{&quot;content_width&quot;:&quot;boxed&quot;}\" data-core-v316-plus=\"true\">\n\t\t\t\t\t<div class=\"e-con-inner\">\n\t\t\t\t<div class=\"elementor-element elementor-element-14261f8 elementor-widget elementor-widget-heading\" data-id=\"14261f8\" data-element_type=\"widget\" data-widget_type=\"heading.default\">\n\t\t\t\t<div class=\"elementor-widget-container\">\n\t\t\t<style>\/*! elementor - v3.19.0 - 07-02-2024 *\/\n.elementor-heading-title{padding:0;margin:0;line-height:1}.elementor-widget-heading .elementor-heading-title[class*=elementor-size-]>a{color:inherit;font-size:inherit;line-height:inherit}.elementor-widget-heading .elementor-heading-title.elementor-size-small{font-size:15px}.elementor-widget-heading .elementor-heading-title.elementor-size-medium{font-size:19px}.elementor-widget-heading .elementor-heading-title.elementor-size-large{font-size:29px}.elementor-widget-heading .elementor-heading-title.elementor-size-xl{font-size:39px}.elementor-widget-heading .elementor-heading-title.elementor-size-xxl{font-size:59px}<\/style><h2 class=\"elementor-heading-title elementor-size-default\">GU\u00cdA DE TALLAS<\/h2>\t\t<\/div>\n\t\t\t\t<\/div>\n\t\t\t\t<div class=\"elementor-element elementor-element-acb2eee elementor-widget elementor-widget-text-editor\" data-id=\"acb2eee\" data-element_type=\"widget\" data-widget_type=\"text-editor.default\">\n\t\t\t\t<div class=\"elementor-widget-container\">\n\t\t\t<style>\/*! elementor - v3.19.0 - 07-02-2024 *\/\n.elementor-widget-text-editor.elementor-drop-cap-view-stacked .elementor-drop-cap{background-color:#69727d;color:#fff}.elementor-widget-text-editor.elementor-drop-cap-view-framed .elementor-drop-cap{color:#69727d;border:3px solid;background-color:transparent}.elementor-widget-text-editor:not(.elementor-drop-cap-view-default) .elementor-drop-cap{margin-top:8px}.elementor-widget-text-editor:not(.elementor-drop-cap-view-default) .elementor-drop-cap-letter{width:1em;height:1em}.elementor-widget-text-editor .elementor-drop-cap{float:left;text-align:center;line-height:1;font-size:50px}.elementor-widget-text-editor .elementor-drop-cap-letter{display:inline-block}<\/style>\t\t\t\t<p>Estas son las medidas que ofrece el fabricante, para las camisetas versi\u00f3n normal.<\/p>\t\t\t\t\t\t<\/div>\n\t\t\t\t<\/div>\n\t\t\t\t<div class=\"elementor-element elementor-element-cf481f7 elementor-widget elementor-widget-image\" data-id=\"cf481f7\" data-element_type=\"widget\" data-widget_type=\"image.default\">\n\t\t\t\t<div class=\"elementor-widget-container\">\n\t\t\t<style>\/*! elementor - v3.19.0 - 07-02-2024 *\/\n.elementor-widget-image{text-align:center}.elementor-widget-image a{display:inline-block}.elementor-widget-image a img[src$=\".svg\"]{width:48px}.elementor-widget-image img{vertical-align:middle;display:inline-block}<\/style>\t\t\t\t\t\t\t\t\t\t<img fetchpriority=\"high\" decoding=\"async\" width=\"633\" height=\"321\" src=\"https:\/\/camisetardas.cl\/wp-content\/uploads\/2024\/05\/IMG-20210416-WA0003.jpeg\" class=\"attachment-large size-large wp-image-7597\" alt=\"\" srcset=\"https:\/\/camisetardas.cl\/wp-content\/uploads\/2024\/05\/IMG-20210416-WA0003.jpeg 633w, https:\/\/camisetardas.cl\/wp-content\/uploads\/2024\/05\/IMG-20210416-WA0003-300x152.jpeg 300w, https:\/\/camisetardas.cl\/wp-content\/uploads\/2024\/05\/IMG-20210416-WA0003-600x304.jpeg 600w\" sizes=\"(max-width: 633px) 100vw, 633px\" \/>\t\t\t\t\t\t\t\t\t\t\t\t\t<\/div>\n\t\t\t\t<\/div>\n\t\t\t\t<div class=\"elementor-element elementor-element-d54f41d elementor-widget elementor-widget-text-editor\" data-id=\"d54f41d\" data-element_type=\"widget\" data-widget_type=\"text-editor.default\">\n\t\t\t\t<div class=\"elementor-widget-container\">\n\t\t\t\t\t\t\t<p>Consid\u00e9rese s\u00f3lo como gu\u00eda, y no como la referencia exacta de las tallas. Las tallas pueden variar en unos pocos cent\u00edmetros.<\/p><p>Las camisetas VERSI\u00d3N DE JUGADOR de Nike y adidas son un poco m\u00e1s ajustadas. Se recomienda tomar una talla m\u00e1s de la que usa normalmente, o de la que escoger\u00eda en versi\u00f3n fan.<\/p><p>Las camisetas de PUMA son un poco m\u00e1s holgadas, tanto las normales como las profesionales.<\/p><p>Las medidas de las tallas especiales 3XL y 4XL consid\u00e9rense proporcionalmente a las ofrecidas.<\/p><p>Las camisetas en fit femenino equivalen, aproximadamente, a una talla m\u00e1s que la que se se\u00f1ala en la tabla. As\u00ed, por ejemplo, una talla M en versi\u00f3n normal equivaldr\u00eda a una L de mujer.<\/p>\t\t\t\t\t\t<\/div>\n\t\t\t\t<\/div>\n\t\t\t\t<div class=\"elementor-element elementor-element-220c2b2 elementor-widget elementor-widget-image\" data-id=\"220c2b2\" data-element_type=\"widget\" data-widget_type=\"image.default\">\n\t\t\t\t<div class=\"elementor-widget-container\">\n\t\t\t\t\t\t\t\t\t\t\t\t\t<img decoding=\"async\" width=\"1024\" height=\"349\" src=\"https:\/\/camisetardas.cl\/wp-content\/uploads\/2024\/05\/1-1024x349.jpeg\" class=\"attachment-large size-large wp-image-7598\" alt=\"\" srcset=\"https:\/\/camisetardas.cl\/wp-content\/uploads\/2024\/05\/1-1024x349.jpeg 1024w, https:\/\/camisetardas.cl\/wp-content\/uploads\/2024\/05\/1-300x102.jpeg 300w, https:\/\/camisetardas.cl\/wp-content\/uploads\/2024\/05\/1-768x262.jpeg 768w, https:\/\/camisetardas.cl\/wp-content\/uploads\/2024\/05\/1-1320x450.jpeg 1320w, https:\/\/camisetardas.cl\/wp-content\/uploads\/2024\/05\/1-600x204.jpeg 600w, https:\/\/camisetardas.cl\/wp-content\/uploads\/2024\/05\/1.jpeg 1453w\" sizes=\"(max-width: 1024px) 100vw, 1024px\" \/>\t\t\t\t\t\t\t\t\t\t\t\t\t<\/div>\n\t\t\t\t<\/div>\n\t\t\t\t\t<\/div>\n\t\t\t\t<\/div>\n\t\t<div class=\"elementor-element elementor-element-25c3451 e-flex e-con-boxed e-con e-parent\" data-id=\"25c3451\" data-element_type=\"container\" data-settings=\"{&quot;content_width&quot;:&quot;boxed&quot;}\" data-core-v316-plus=\"true\">\n\t\t\t\t\t<div class=\"e-con-inner\">\n\t\t\t\t<div class=\"elementor-element elementor-element-e355e58 elementor-widget elementor-widget-text-editor\" data-id=\"e355e58\" data-element_type=\"widget\" data-widget_type=\"text-editor.default\">\n\t\t\t\t<div class=\"elementor-widget-container\">\n\t\t\t\t\t\t\t<p>\u00a0<\/p><p>Las tallas de ni\u00f1o se\u00f1alan en su etiqueta (16, 18, 20, 22, 24, 26, 28), pero se ofrece su equivalencia a la talla chilena.<\/p><p>No hay medidas de las tallas, sino que se se\u00f1ala la edad y estatura recomendada.<\/p><p>Recordar que las tallas de ni\u00f1o incluyen el pantal\u00f3n corto.<\/p>\t\t\t\t\t\t<\/div>\n\t\t\t\t<\/div>\n\t\t\t\t\t<\/div>\n\t\t\t\t<\/div>\n\t\t\t\t<\/div>\n\t\t","protected":false},"excerpt":{"rendered":"<p>GU\u00cdA DE TALLAS Estas son las medidas que ofrece el fabricante, para las camisetas versi\u00f3n normal. Consid\u00e9rese s\u00f3lo como gu\u00eda, y no como la referencia exacta de las tallas. Las tallas pueden variar en unos pocos cent\u00edmetros. Las camisetas VERSI\u00d3N DE JUGADOR de Nike y adidas son un poco m\u00e1s ajustadas. Se recomienda tomar una [&hellip;]<\/p>\n","protected":false},"author":1,"featured_media":0,"parent":0,"menu_order":0,"comment_status":"closed","ping_status":"closed","template":"","meta":{"site-sidebar-layout":"no-sidebar","site-content-layout":"","ast-site-content-layout":"full-width-container","site-content-style":"default","site-sidebar-style":"default","ast-global-header-display":"","ast-banner-title-visibility":"","ast-main-header-display":"","ast-hfb-above-header-display":"","ast-hfb-below-header-display":"","ast-hfb-mobile-header-display":"","site-post-title":"disabled","ast-breadcrumbs-content":"","ast-featured-img":"disabled","footer-sml-layout":"","theme-transparent-header-meta":"","adv-header-id-meta":"","stick-header-meta":"","header-above-stick-meta":"","header-main-stick-meta":"","header-below-stick-meta":"","astra-migrate-meta-layouts":"default","ast-page-background-enabled":"default","ast-page-background-meta":{"desktop":{"background-color":"var(--ast-global-color-4)","background-image":"","background-repeat":"repeat","background-position":"center center","background-size":"auto","background-attachment":"scroll","background-type":"","background-media":"","overlay-type":"","overlay-color":"","overlay-gradient":""},"tablet":{"background-color":"","background-image":"","background-repeat":"repeat","background-position":"center center","background-size":"auto","background-attachment":"scroll","background-type":"","background-media":"","overlay-type":"","overlay-color":"","overlay-gradient":""},"mobile":{"background-color":"","background-image":"","background-repeat":"repeat","background-position":"center center","background-size":"auto","background-attachment":"scroll","background-type":"","background-media":"","overlay-type":"","overlay-color":"","overlay-gradient":""}},"ast-content-background-meta":{"desktop":{"background-color":"var(--ast-global-color-5)","background-image":"","background-repeat":"repeat","background-position":"center center","background-size":"auto","background-attachment":"scroll","background-type":"","background-media":"","overlay-type":"","overlay-color":"","overlay-gradient":""},"tablet":{"background-color":"var(--ast-global-color-5)","background-image":"","background-repeat":"repeat","background-position":"center center","background-size":"auto","background-attachment":"scroll","background-type":"","background-media":"","overlay-type":"","overlay-color":"","overlay-gradient":""},"mobile":{"background-color":"var(--ast-global-color-5)","background-image":"","background-repeat":"repeat","background-position":"center center","background-size":"auto","background-attachment":"scroll","background-type":"","background-media":"","overlay-type":"","overlay-color":"","overlay-gradient":""}},"footnotes":""},"class_list":["post-1249","page","type-page","status-publish","hentry"],"jetpack_sharing_enabled":true,"_links":{"self":[{"href":"https:\/\/camisetardas.cl\/index.php?rest_route=\/wp\/v2\/pages\/1249","targetHints":{"allow":["GET"]}}],"collection":[{"href":"https:\/\/camisetardas.cl\/index.php?rest_route=\/wp\/v2\/pages"}],"about":[{"href":"https:\/\/camisetardas.cl\/index.php?rest_route=\/wp\/v2\/types\/page"}],"author":[{"embeddable":true,"href":"https:\/\/camisetardas.cl\/index.php?rest_route=\/wp\/v2\/users\/1"}],"replies":[{"embeddable":true,"href":"https:\/\/camisetardas.cl\/index.php?rest_route=%2Fwp%2Fv2%2Fcomments&post=1249"}],"version-history":[{"count":9,"href":"https:\/\/camisetardas.cl\/index.php?rest_route=\/wp\/v2\/pages\/1249\/revisions"}],"predecessor-version":[{"id":10212,"href":"https:\/\/camisetardas.cl\/index.php?rest_route=\/wp\/v2\/pages\/1249\/revisions\/10212"}],"wp:attachment":[{"href":"https:\/\/camisetardas.cl\/index.php?rest_route=%2Fwp%2Fv2%2Fmedia&parent=1249"}],"curies":[{"name":"wp","href":"https:\/\/api.w.org\/{rel}","templated":true}]}}